{"id":15,"date":"2015-05-25T17:30:06","date_gmt":"2015-05-25T17:30:06","guid":{"rendered":"http:\/\/localhost\/hultberg\/?page_id=15"},"modified":"2025-11-18T13:04:47","modified_gmt":"2025-11-18T13:04:47","slug":"tule-toole","status":"publish","type":"page","link":"https:\/\/www.hultberg.ee\/en\/tule-toole\/","title":{"rendered":"Come work for us"},"content":{"rendered":"<p>O\u00dc Hultberg performs construction works mainly in Estonia and Finland. If you wish to work with the most competent specialists in their field, contact us!<\/p>","protected":false},"excerpt":{"rendered":"<p>O\u00dc Hultberg performs construction works mainly in Estonia and Finland. If you wish to work with the most competent specialists&hellip; <a class=\"read-more\" href=\"https:\/\/www.hultberg.ee\/en\/tule-toole\/\">Read More<\/a><\/p>\n","protected":false},"author":1,"featured_media":0,"parent":0,"menu_order":0,"comment_status":"open","ping_status":"open","template":"","meta":{"_acf_changed":false,"_exactmetrics_skip_tracking":false,"_exactmetrics_sitenote_active":false,"_exactmetrics_sitenote_note":"","_exactmetrics_sitenote_category":0,"footnotes":""},"class_list":["post-15","page","type-page","status-publish","hentry"],"acf":[],"yoast_head":"<!-- This site is optimized with the Yoast SEO plugin v27.4 - https:\/\/yoast.com\/product\/yoast-seo-wordpress\/ -->\n<title>Tule t\u00f6\u00f6le \u2013 ehitusvaldkonna t\u00f6\u00f6kohad | Hultberg Ehitus<\/title>\n<meta name=\"description\" content=\"Otsime ehitusvaldkonna spetsialiste t\u00f6\u00f6le Eestis ja Soomes. Vaata aktiivseid t\u00f6\u00f6pakkumisi ja liitu kogenud meeskonnaga. Kandideeri lihtsalt ja kiiresti.\" \/>\n<meta name=\"robots\" content=\"index, follow, max-snippet:-1, max-image-preview:large, max-video-preview:-1\" \/>\n<link rel=\"canonical\" href=\"https:\/\/www.hultberg.ee\/en\/tule-toole\/\" \/>\n<meta property=\"og:locale\" content=\"en_US\" \/>\n<meta property=\"og:type\" content=\"article\" \/>\n<meta property=\"og:title\" content=\"Tule t\u00f6\u00f6le \u2013 ehitusvaldkonna t\u00f6\u00f6kohad | Hultberg Ehitus\" \/>\n<meta property=\"og:description\" content=\"Otsime ehitusvaldkonna spetsialiste t\u00f6\u00f6le Eestis ja Soomes. Vaata aktiivseid t\u00f6\u00f6pakkumisi ja liitu kogenud meeskonnaga. Kandideeri lihtsalt ja kiiresti.\" \/>\n<meta property=\"og:url\" content=\"https:\/\/www.hultberg.ee\/en\/tule-toole\/\" \/>\n<meta property=\"og:site_name\" content=\"Hultberg\" \/>\n<meta property=\"article:publisher\" content=\"https:\/\/www.facebook.com\/pages\/Hultberg-O\/100656560281998\" \/>\n<meta property=\"article:modified_time\" content=\"2025-11-18T13:04:47+00:00\" \/>\n<meta name=\"twitter:card\" content=\"summary_large_image\" \/>\n<meta name=\"twitter:label1\" content=\"Est. reading time\" \/>\n\t<meta name=\"twitter:data1\" content=\"1 minute\" \/>\n<script type=\"application\/ld+json\" class=\"yoast-schema-graph\">{\"@context\":\"https:\\\/\\\/schema.org\",\"@graph\":[{\"@type\":\"WebPage\",\"@id\":\"https:\\\/\\\/www.hultberg.ee\\\/en\\\/tule-toole\\\/\",\"url\":\"https:\\\/\\\/www.hultberg.ee\\\/en\\\/tule-toole\\\/\",\"name\":\"Tule t\u00f6\u00f6le \u2013 ehitusvaldkonna t\u00f6\u00f6kohad | Hultberg Ehitus\",\"isPartOf\":{\"@id\":\"https:\\\/\\\/www.hultberg.ee\\\/en\\\/#website\"},\"datePublished\":\"2015-05-25T17:30:06+00:00\",\"dateModified\":\"2025-11-18T13:04:47+00:00\",\"description\":\"Otsime ehitusvaldkonna spetsialiste t\u00f6\u00f6le Eestis ja Soomes. Vaata aktiivseid t\u00f6\u00f6pakkumisi ja liitu kogenud meeskonnaga. Kandideeri lihtsalt ja kiiresti.\",\"breadcrumb\":{\"@id\":\"https:\\\/\\\/www.hultberg.ee\\\/en\\\/tule-toole\\\/#breadcrumb\"},\"inLanguage\":\"en-US\",\"potentialAction\":[{\"@type\":\"ReadAction\",\"target\":[[\"https:\\\/\\\/www.hultberg.ee\\\/en\\\/tule-toole\\\/\"]]}]},{\"@type\":\"BreadcrumbList\",\"@id\":\"https:\\\/\\\/www.hultberg.ee\\\/en\\\/tule-toole\\\/#breadcrumb\",\"itemListElement\":[{\"@type\":\"ListItem\",\"position\":1,\"name\":\"Home\",\"item\":\"https:\\\/\\\/www.hultberg.ee\\\/en\\\/\"},{\"@type\":\"ListItem\",\"position\":2,\"name\":\"Tule t\u00f6\u00f6le\"}]},{\"@type\":\"WebSite\",\"@id\":\"https:\\\/\\\/www.hultberg.ee\\\/en\\\/#website\",\"url\":\"https:\\\/\\\/www.hultberg.ee\\\/en\\\/\",\"name\":\"Hultberg\",\"description\":\"\",\"publisher\":{\"@id\":\"https:\\\/\\\/www.hultberg.ee\\\/en\\\/#organization\"},\"potentialAction\":[{\"@type\":\"SearchAction\",\"target\":{\"@type\":\"EntryPoint\",\"urlTemplate\":\"https:\\\/\\\/www.hultberg.ee\\\/en\\\/?s={search_term_string}\"},\"query-input\":{\"@type\":\"PropertyValueSpecification\",\"valueRequired\":true,\"valueName\":\"search_term_string\"}}],\"inLanguage\":\"en-US\"},{\"@type\":\"Organization\",\"@id\":\"https:\\\/\\\/www.hultberg.ee\\\/en\\\/#organization\",\"name\":\"Hultberg\",\"url\":\"https:\\\/\\\/www.hultberg.ee\\\/en\\\/\",\"logo\":{\"@type\":\"ImageObject\",\"inLanguage\":\"en-US\",\"@id\":\"https:\\\/\\\/www.hultberg.ee\\\/en\\\/#\\\/schema\\\/logo\\\/image\\\/\",\"url\":\"https:\\\/\\\/www.hultberg.ee\\\/wp-content\\\/uploads\\\/2015\\\/07\\\/HULTBERG_logo_SMALL.png\",\"contentUrl\":\"https:\\\/\\\/www.hultberg.ee\\\/wp-content\\\/uploads\\\/2015\\\/07\\\/HULTBERG_logo_SMALL.png\",\"width\":836,\"height\":1003,\"caption\":\"Hultberg\"},\"image\":{\"@id\":\"https:\\\/\\\/www.hultberg.ee\\\/en\\\/#\\\/schema\\\/logo\\\/image\\\/\"},\"sameAs\":[\"https:\\\/\\\/www.facebook.com\\\/pages\\\/Hultberg-O\\\/100656560281998\"]}]}<\/script>\n<!-- \/ Yoast SEO plugin. -->","yoast_head_json":{"title":"Tule t\u00f6\u00f6le \u2013 ehitusvaldkonna t\u00f6\u00f6kohad | Hultberg Ehitus","description":"Otsime ehitusvaldkonna spetsialiste t\u00f6\u00f6le Eestis ja Soomes. Vaata aktiivseid t\u00f6\u00f6pakkumisi ja liitu kogenud meeskonnaga. Kandideeri lihtsalt ja kiiresti.","robots":{"index":"index","follow":"follow","max-snippet":"max-snippet:-1","max-image-preview":"max-image-preview:large","max-video-preview":"max-video-preview:-1"},"canonical":"https:\/\/www.hultberg.ee\/en\/tule-toole\/","og_locale":"en_US","og_type":"article","og_title":"Tule t\u00f6\u00f6le \u2013 ehitusvaldkonna t\u00f6\u00f6kohad | Hultberg Ehitus","og_description":"Otsime ehitusvaldkonna spetsialiste t\u00f6\u00f6le Eestis ja Soomes. Vaata aktiivseid t\u00f6\u00f6pakkumisi ja liitu kogenud meeskonnaga. Kandideeri lihtsalt ja kiiresti.","og_url":"https:\/\/www.hultberg.ee\/en\/tule-toole\/","og_site_name":"Hultberg","article_publisher":"https:\/\/www.facebook.com\/pages\/Hultberg-O\/100656560281998","article_modified_time":"2025-11-18T13:04:47+00:00","twitter_card":"summary_large_image","twitter_misc":{"Est. reading time":"1 minute"},"schema":{"@context":"https:\/\/schema.org","@graph":[{"@type":"WebPage","@id":"https:\/\/www.hultberg.ee\/en\/tule-toole\/","url":"https:\/\/www.hultberg.ee\/en\/tule-toole\/","name":"Tule t\u00f6\u00f6le \u2013 ehitusvaldkonna t\u00f6\u00f6kohad | Hultberg Ehitus","isPartOf":{"@id":"https:\/\/www.hultberg.ee\/en\/#website"},"datePublished":"2015-05-25T17:30:06+00:00","dateModified":"2025-11-18T13:04:47+00:00","description":"Otsime ehitusvaldkonna spetsialiste t\u00f6\u00f6le Eestis ja Soomes. Vaata aktiivseid t\u00f6\u00f6pakkumisi ja liitu kogenud meeskonnaga. Kandideeri lihtsalt ja kiiresti.","breadcrumb":{"@id":"https:\/\/www.hultberg.ee\/en\/tule-toole\/#breadcrumb"},"inLanguage":"en-US","potentialAction":[{"@type":"ReadAction","target":[["https:\/\/www.hultberg.ee\/en\/tule-toole\/"]]}]},{"@type":"BreadcrumbList","@id":"https:\/\/www.hultberg.ee\/en\/tule-toole\/#breadcrumb","itemListElement":[{"@type":"ListItem","position":1,"name":"Home","item":"https:\/\/www.hultberg.ee\/en\/"},{"@type":"ListItem","position":2,"name":"Tule t\u00f6\u00f6le"}]},{"@type":"WebSite","@id":"https:\/\/www.hultberg.ee\/en\/#website","url":"https:\/\/www.hultberg.ee\/en\/","name":"Hultberg","description":"","publisher":{"@id":"https:\/\/www.hultberg.ee\/en\/#organization"},"potentialAction":[{"@type":"SearchAction","target":{"@type":"EntryPoint","urlTemplate":"https:\/\/www.hultberg.ee\/en\/?s={search_term_string}"},"query-input":{"@type":"PropertyValueSpecification","valueRequired":true,"valueName":"search_term_string"}}],"inLanguage":"en-US"},{"@type":"Organization","@id":"https:\/\/www.hultberg.ee\/en\/#organization","name":"Hultberg","url":"https:\/\/www.hultberg.ee\/en\/","logo":{"@type":"ImageObject","inLanguage":"en-US","@id":"https:\/\/www.hultberg.ee\/en\/#\/schema\/logo\/image\/","url":"https:\/\/www.hultberg.ee\/wp-content\/uploads\/2015\/07\/HULTBERG_logo_SMALL.png","contentUrl":"https:\/\/www.hultberg.ee\/wp-content\/uploads\/2015\/07\/HULTBERG_logo_SMALL.png","width":836,"height":1003,"caption":"Hultberg"},"image":{"@id":"https:\/\/www.hultberg.ee\/en\/#\/schema\/logo\/image\/"},"sameAs":["https:\/\/www.facebook.com\/pages\/Hultberg-O\/100656560281998"]}]}},"_links":{"self":[{"href":"https:\/\/www.hultberg.ee\/en\/wp-json\/wp\/v2\/pages\/15","targetHints":{"allow":["GET"]}}],"collection":[{"href":"https:\/\/www.hultberg.ee\/en\/wp-json\/wp\/v2\/pages"}],"about":[{"href":"https:\/\/www.hultberg.ee\/en\/wp-json\/wp\/v2\/types\/page"}],"author":[{"embeddable":true,"href":"https:\/\/www.hultberg.ee\/en\/wp-json\/wp\/v2\/users\/1"}],"replies":[{"embeddable":true,"href":"https:\/\/www.hultberg.ee\/en\/wp-json\/wp\/v2\/comments?post=15"}],"version-history":[{"count":89,"href":"https:\/\/www.hultberg.ee\/en\/wp-json\/wp\/v2\/pages\/15\/revisions"}],"predecessor-version":[{"id":1753,"href":"https:\/\/www.hultberg.ee\/en\/wp-json\/wp\/v2\/pages\/15\/revisions\/1753"}],"wp:attachment":[{"href":"https:\/\/www.hultberg.ee\/en\/wp-json\/wp\/v2\/media?parent=15"}],"curies":[{"name":"wp","href":"https:\/\/api.w.org\/{rel}","templated":true}]}}