{"id":23,"date":"2015-05-25T17:31:43","date_gmt":"2015-05-25T17:31:43","guid":{"rendered":"http:\/\/localhost\/hultberg\/?page_id=23"},"modified":"2025-11-18T13:05:16","modified_gmt":"2025-11-18T13:05:16","slug":"meist","status":"publish","type":"page","link":"https:\/\/www.hultberg.ee\/en\/meist\/","title":{"rendered":"About"},"content":{"rendered":"<p><\/p>\n<style>.stampimg{max-width:140px;margin:0 auto;}<\/style>\n<p>O\u00dc Hultberg has been active since 2006 and is a private company based entirely on Estonian capital.<\/p>\n<p>The company performs construction works in both Estonia and Finland. Our employees have years of experience in the field of construction and can cope with even the most complex construction and renovation works.<\/p>\n<p>O\u00dc Hultberg has subcontracted for larger construction companies and apartment associations. We are also reliable partners for many large companies involved in real estate management. Our main regions of activity are Tallinn and its outskirts, P\u00e4rnu and largely also Finland. O\u00dc Hultberg always wants to find suitable solutions for each customer with the best price to quality ratio. We give a guarantee to all our works under the legislation valid in the Republic of Estonia, and we also try to solve all problems that may arise in the course of later use also after the guarantee period.<\/p>\n<div class=\"row\">\n<div class=\"col-sm-4\">\n<img decoding=\"async\" alt=\"Edukas ettev\u00f5te\" src=\"\/wp-content\/uploads\/2015\/06\/edukas2014.png\" class=\"stampimg\"><\/div>\n<div class=\"col-sm-4\">\n<img decoding=\"async\" alt=\"Edukas ettev\u00f5te\" src=\"\/wp-content\/uploads\/2015\/06\/EU-cert.png\" class=\"stampimg\"><\/div>\n<div class=\"col-sm-4\">\n<img decoding=\"async\" alt=\"Edukas ettev\u00f5te\" src=\"http:\/\/www.hultberg.ee\/wp-content\/uploads\/2018\/12\/stamp.png\" class=\"stampimg\"><\/div>\n<\/div>\n<p><\/p>","protected":false},"excerpt":{"rendered":"<p>O\u00dc Hultberg has been active since 2006 and is a private company based entirely on Estonian capital. The company performs construction works in both Estonia and Finland&#8230;&hellip; <a class=\"read-more\" href=\"https:\/\/www.hultberg.ee\/en\/meist\/\">Read More<\/a><\/p>\n","protected":false},"author":1,"featured_media":0,"parent":0,"menu_order":0,"comment_status":"open","ping_status":"open","template":"","meta":{"_acf_changed":false,"_exactmetrics_skip_tracking":false,"_exactmetrics_sitenote_active":false,"_exactmetrics_sitenote_note":"","_exactmetrics_sitenote_category":0,"footnotes":""},"class_list":["post-23","page","type-page","status-publish","hentry"],"acf":[],"yoast_head":"<!-- This site is optimized with the Yoast SEO plugin v27.4 - https:\/\/yoast.com\/product\/yoast-seo-wordpress\/ -->\n<title>Meist \u2013 ehitusettev\u00f5te aastast 2006 | Hultberg Ehitus<\/title>\n<meta name=\"description\" content=\"Hultberg Ehitus on 2006. aastast tegutsev Eesti ehitusettev\u00f5te, mille meeskonnal on laialdane kogemus Eestis ja Soomes. Pakume kvaliteetseid ehitus- ja remontt\u00f6id koos garantiiga.\" \/>\n<meta name=\"robots\" content=\"index, follow, max-snippet:-1, max-image-preview:large, max-video-preview:-1\" \/>\n<link rel=\"canonical\" href=\"https:\/\/www.hultberg.ee\/en\/meist\/\" \/>\n<meta property=\"og:locale\" content=\"en_US\" \/>\n<meta property=\"og:type\" content=\"article\" \/>\n<meta property=\"og:title\" content=\"Meist \u2013 ehitusettev\u00f5te aastast 2006 | Hultberg Ehitus\" \/>\n<meta property=\"og:description\" content=\"Hultberg Ehitus on 2006. aastast tegutsev Eesti ehitusettev\u00f5te, mille meeskonnal on laialdane kogemus Eestis ja Soomes. Pakume kvaliteetseid ehitus- ja remontt\u00f6id koos garantiiga.\" \/>\n<meta property=\"og:url\" content=\"https:\/\/www.hultberg.ee\/en\/meist\/\" \/>\n<meta property=\"og:site_name\" content=\"Hultberg\" \/>\n<meta property=\"article:publisher\" content=\"https:\/\/www.facebook.com\/pages\/Hultberg-O\/100656560281998\" \/>\n<meta property=\"article:modified_time\" content=\"2025-11-18T13:05:16+00:00\" \/>\n<meta property=\"og:image\" content=\"http:\/\/www.hultberg.ee\/wp-content\/uploads\/2018\/12\/stamp.png\" \/>\n<meta name=\"twitter:card\" content=\"summary_large_image\" \/>\n<meta name=\"twitter:label1\" content=\"Est. reading time\" \/>\n\t<meta name=\"twitter:data1\" content=\"2 minutes\" \/>\n<script type=\"application\/ld+json\" class=\"yoast-schema-graph\">{\"@context\":\"https:\\\/\\\/schema.org\",\"@graph\":[{\"@type\":\"WebPage\",\"@id\":\"https:\\\/\\\/www.hultberg.ee\\\/en\\\/meist\\\/\",\"url\":\"https:\\\/\\\/www.hultberg.ee\\\/en\\\/meist\\\/\",\"name\":\"Meist \u2013 ehitusettev\u00f5te aastast 2006 | Hultberg Ehitus\",\"isPartOf\":{\"@id\":\"https:\\\/\\\/www.hultberg.ee\\\/en\\\/#website\"},\"primaryImageOfPage\":{\"@id\":\"https:\\\/\\\/www.hultberg.ee\\\/en\\\/meist\\\/#primaryimage\"},\"image\":{\"@id\":\"https:\\\/\\\/www.hultberg.ee\\\/meist\\\/#primaryimage\"},\"thumbnailUrl\":\"http:\\\/\\\/www.hultberg.ee\\\/wp-content\\\/uploads\\\/2018\\\/12\\\/stamp.png\",\"datePublished\":\"2015-05-25T17:31:43+00:00\",\"dateModified\":\"2025-11-18T13:05:16+00:00\",\"description\":\"Hultberg Ehitus on 2006. aastast tegutsev Eesti ehitusettev\u00f5te, mille meeskonnal on laialdane kogemus Eestis ja Soomes. Pakume kvaliteetseid ehitus- ja remontt\u00f6id koos garantiiga.\",\"breadcrumb\":{\"@id\":\"https:\\\/\\\/www.hultberg.ee\\\/en\\\/meist\\\/#breadcrumb\"},\"inLanguage\":\"en-US\",\"potentialAction\":[{\"@type\":\"ReadAction\",\"target\":[[\"https:\\\/\\\/www.hultberg.ee\\\/en\\\/meist\\\/\"]]}]},{\"@type\":\"ImageObject\",\"inLanguage\":\"en-US\",\"@id\":\"https:\\\/\\\/www.hultberg.ee\\\/en\\\/meist\\\/#primaryimage\",\"url\":\"http:\\\/\\\/www.hultberg.ee\\\/wp-content\\\/uploads\\\/2018\\\/12\\\/stamp.png\",\"contentUrl\":\"http:\\\/\\\/www.hultberg.ee\\\/wp-content\\\/uploads\\\/2018\\\/12\\\/stamp.png\"},{\"@type\":\"BreadcrumbList\",\"@id\":\"https:\\\/\\\/www.hultberg.ee\\\/en\\\/meist\\\/#breadcrumb\",\"itemListElement\":[{\"@type\":\"ListItem\",\"position\":1,\"name\":\"Home\",\"item\":\"https:\\\/\\\/www.hultberg.ee\\\/en\\\/\"},{\"@type\":\"ListItem\",\"position\":2,\"name\":\"Meist\"}]},{\"@type\":\"WebSite\",\"@id\":\"https:\\\/\\\/www.hultberg.ee\\\/en\\\/#website\",\"url\":\"https:\\\/\\\/www.hultberg.ee\\\/en\\\/\",\"name\":\"Hultberg\",\"description\":\"\",\"publisher\":{\"@id\":\"https:\\\/\\\/www.hultberg.ee\\\/en\\\/#organization\"},\"potentialAction\":[{\"@type\":\"SearchAction\",\"target\":{\"@type\":\"EntryPoint\",\"urlTemplate\":\"https:\\\/\\\/www.hultberg.ee\\\/en\\\/?s={search_term_string}\"},\"query-input\":{\"@type\":\"PropertyValueSpecification\",\"valueRequired\":true,\"valueName\":\"search_term_string\"}}],\"inLanguage\":\"en-US\"},{\"@type\":\"Organization\",\"@id\":\"https:\\\/\\\/www.hultberg.ee\\\/en\\\/#organization\",\"name\":\"Hultberg\",\"url\":\"https:\\\/\\\/www.hultberg.ee\\\/en\\\/\",\"logo\":{\"@type\":\"ImageObject\",\"inLanguage\":\"en-US\",\"@id\":\"https:\\\/\\\/www.hultberg.ee\\\/en\\\/#\\\/schema\\\/logo\\\/image\\\/\",\"url\":\"https:\\\/\\\/www.hultberg.ee\\\/wp-content\\\/uploads\\\/2015\\\/07\\\/HULTBERG_logo_SMALL.png\",\"contentUrl\":\"https:\\\/\\\/www.hultberg.ee\\\/wp-content\\\/uploads\\\/2015\\\/07\\\/HULTBERG_logo_SMALL.png\",\"width\":836,\"height\":1003,\"caption\":\"Hultberg\"},\"image\":{\"@id\":\"https:\\\/\\\/www.hultberg.ee\\\/en\\\/#\\\/schema\\\/logo\\\/image\\\/\"},\"sameAs\":[\"https:\\\/\\\/www.facebook.com\\\/pages\\\/Hultberg-O\\\/100656560281998\"]}]}<\/script>\n<!-- \/ Yoast SEO plugin. -->","yoast_head_json":{"title":"Meist \u2013 ehitusettev\u00f5te aastast 2006 | Hultberg Ehitus","description":"Hultberg Ehitus on 2006. aastast tegutsev Eesti ehitusettev\u00f5te, mille meeskonnal on laialdane kogemus Eestis ja Soomes. Pakume kvaliteetseid ehitus- ja remontt\u00f6id koos garantiiga.","robots":{"index":"index","follow":"follow","max-snippet":"max-snippet:-1","max-image-preview":"max-image-preview:large","max-video-preview":"max-video-preview:-1"},"canonical":"https:\/\/www.hultberg.ee\/en\/meist\/","og_locale":"en_US","og_type":"article","og_title":"Meist \u2013 ehitusettev\u00f5te aastast 2006 | Hultberg Ehitus","og_description":"Hultberg Ehitus on 2006. aastast tegutsev Eesti ehitusettev\u00f5te, mille meeskonnal on laialdane kogemus Eestis ja Soomes. Pakume kvaliteetseid ehitus- ja remontt\u00f6id koos garantiiga.","og_url":"https:\/\/www.hultberg.ee\/en\/meist\/","og_site_name":"Hultberg","article_publisher":"https:\/\/www.facebook.com\/pages\/Hultberg-O\/100656560281998","article_modified_time":"2025-11-18T13:05:16+00:00","og_image":[{"url":"http:\/\/www.hultberg.ee\/wp-content\/uploads\/2018\/12\/stamp.png","type":"","width":"","height":""}],"twitter_card":"summary_large_image","twitter_misc":{"Est. reading time":"2 minutes"},"schema":{"@context":"https:\/\/schema.org","@graph":[{"@type":"WebPage","@id":"https:\/\/www.hultberg.ee\/en\/meist\/","url":"https:\/\/www.hultberg.ee\/en\/meist\/","name":"Meist \u2013 ehitusettev\u00f5te aastast 2006 | Hultberg Ehitus","isPartOf":{"@id":"https:\/\/www.hultberg.ee\/en\/#website"},"primaryImageOfPage":{"@id":"https:\/\/www.hultberg.ee\/en\/meist\/#primaryimage"},"image":{"@id":"https:\/\/www.hultberg.ee\/meist\/#primaryimage"},"thumbnailUrl":"http:\/\/www.hultberg.ee\/wp-content\/uploads\/2018\/12\/stamp.png","datePublished":"2015-05-25T17:31:43+00:00","dateModified":"2025-11-18T13:05:16+00:00","description":"Hultberg Ehitus on 2006. aastast tegutsev Eesti ehitusettev\u00f5te, mille meeskonnal on laialdane kogemus Eestis ja Soomes. Pakume kvaliteetseid ehitus- ja remontt\u00f6id koos garantiiga.","breadcrumb":{"@id":"https:\/\/www.hultberg.ee\/en\/meist\/#breadcrumb"},"inLanguage":"en-US","potentialAction":[{"@type":"ReadAction","target":[["https:\/\/www.hultberg.ee\/en\/meist\/"]]}]},{"@type":"ImageObject","inLanguage":"en-US","@id":"https:\/\/www.hultberg.ee\/en\/meist\/#primaryimage","url":"http:\/\/www.hultberg.ee\/wp-content\/uploads\/2018\/12\/stamp.png","contentUrl":"http:\/\/www.hultberg.ee\/wp-content\/uploads\/2018\/12\/stamp.png"},{"@type":"BreadcrumbList","@id":"https:\/\/www.hultberg.ee\/en\/meist\/#breadcrumb","itemListElement":[{"@type":"ListItem","position":1,"name":"Home","item":"https:\/\/www.hultberg.ee\/en\/"},{"@type":"ListItem","position":2,"name":"Meist"}]},{"@type":"WebSite","@id":"https:\/\/www.hultberg.ee\/en\/#website","url":"https:\/\/www.hultberg.ee\/en\/","name":"Hultberg","description":"","publisher":{"@id":"https:\/\/www.hultberg.ee\/en\/#organization"},"potentialAction":[{"@type":"SearchAction","target":{"@type":"EntryPoint","urlTemplate":"https:\/\/www.hultberg.ee\/en\/?s={search_term_string}"},"query-input":{"@type":"PropertyValueSpecification","valueRequired":true,"valueName":"search_term_string"}}],"inLanguage":"en-US"},{"@type":"Organization","@id":"https:\/\/www.hultberg.ee\/en\/#organization","name":"Hultberg","url":"https:\/\/www.hultberg.ee\/en\/","logo":{"@type":"ImageObject","inLanguage":"en-US","@id":"https:\/\/www.hultberg.ee\/en\/#\/schema\/logo\/image\/","url":"https:\/\/www.hultberg.ee\/wp-content\/uploads\/2015\/07\/HULTBERG_logo_SMALL.png","contentUrl":"https:\/\/www.hultberg.ee\/wp-content\/uploads\/2015\/07\/HULTBERG_logo_SMALL.png","width":836,"height":1003,"caption":"Hultberg"},"image":{"@id":"https:\/\/www.hultberg.ee\/en\/#\/schema\/logo\/image\/"},"sameAs":["https:\/\/www.facebook.com\/pages\/Hultberg-O\/100656560281998"]}]}},"_links":{"self":[{"href":"https:\/\/www.hultberg.ee\/en\/wp-json\/wp\/v2\/pages\/23","targetHints":{"allow":["GET"]}}],"collection":[{"href":"https:\/\/www.hultberg.ee\/en\/wp-json\/wp\/v2\/pages"}],"about":[{"href":"https:\/\/www.hultberg.ee\/en\/wp-json\/wp\/v2\/types\/page"}],"author":[{"embeddable":true,"href":"https:\/\/www.hultberg.ee\/en\/wp-json\/wp\/v2\/users\/1"}],"replies":[{"embeddable":true,"href":"https:\/\/www.hultberg.ee\/en\/wp-json\/wp\/v2\/comments?post=23"}],"version-history":[{"count":51,"href":"https:\/\/www.hultberg.ee\/en\/wp-json\/wp\/v2\/pages\/23\/revisions"}],"predecessor-version":[{"id":1766,"href":"https:\/\/www.hultberg.ee\/en\/wp-json\/wp\/v2\/pages\/23\/revisions\/1766"}],"wp:attachment":[{"href":"https:\/\/www.hultberg.ee\/en\/wp-json\/wp\/v2\/media?parent=23"}],"curies":[{"name":"wp","href":"https:\/\/api.w.org\/{rel}","templated":true}]}}