{"id":1572,"date":"2018-12-11T14:53:55","date_gmt":"2018-12-11T14:53:55","guid":{"rendered":"https:\/\/www.hultberg.ee\/?page_id=1572"},"modified":"2018-12-11T14:53:56","modified_gmt":"2018-12-11T14:53:56","slug":"kasutustingimused","status":"publish","type":"page","link":"https:\/\/www.hultberg.ee\/fi\/kasutustingimused\/","title":{"rendered":"Kasutustingimused"},"content":{"rendered":"\n<p><strong>1. MIS ON K\u00dcPSISED?<br><\/strong><br>K\u00fcpsis on v\u00e4ike tekstifail, mis salvestatakse teie arvutisse v\u00f5i seadmesse, kui te k\u00fclastate m\u00f5nda veebisaiti. See v\u00f5imaldab m\u00e4letada teie tegevusi ja eelistusi (n\u00e4iteks sisselogimine, keel, seadistused jms), et te ei peaks neid igakordselt uuesti sisestama, kui te k\u00fclastate veebisaiti uuesti v\u00f5i kui te liigute \u00fchelt lehelt teisele.<strong><br>1.1. TEHNILISELT VAJALIKUD K\u00dcPSISED<br><\/strong><br>Seda t\u00fc\u00fcpi k\u00fcpsised on vajalikud, et tagada veebisaidi p\u00f5hifunktsioonide toimimine. Ilma nendeta ei saa kasutada lehe olulisi osasid.<strong><br>1.2. FUNKTSIONAALSED K\u00dcPSISED<br><\/strong><br>Seda t\u00fc\u00fcpi k\u00fcpsiseid kasutatakse t\u00e4iendava v\u00f5i erifunktsionaalsuse pakkumiseks, samuti v\u00f5imaldavad need veebisaiti isikup\u00e4rastada.<\/p>\n\n\n\n<p><strong><br>1.3. ANAL\u00dc\u00dcTILISED K\u00dcPSISED<br><\/strong><br>Seda t\u00fc\u00fcpi k\u00fcpsised v\u00f5imaldavad koguda teavet veebisaidi k\u00fclastajate ja veebisaidi kasutamise kohta. Need v\u00f5imaldavad m\u00f5\u00f5ta ja parandada veebisaidi toimimist. Teavet kogutakse mitteisikustatud kujul.<strong><br>1.4. REKLAAMI- V\u00d5I TURUNDUSK\u00dcPSISED<br><\/strong><br>Seda t\u00fc\u00fcpi k\u00fcpsised v\u00f5imaldavad veebisaidi k\u00fclastajale suunata v\u00f5imalikult asjakohaseid reklaame, mis vastavad teie huvidele. Need v\u00f5imaldavad m\u00f5\u00f5ta ka reklaamikampaaniate efektiivsust. Samuti v\u00f5imaldavad seda t\u00fc\u00fcpi k\u00fcpsised kujundada teie kohta profiili ning suunata teile kohandatud reklaami ka teistel veebisaitidel. Teavet kogutakse mitteisikustatud kujul.<strong><br>2. K\u00dcPSISTE HALDAMINE<br><\/strong><br>Te v\u00f5ite blokeerida k\u00fcpsiseid, aktiveerides oma brauseris seaded, mis v\u00f5imaldavad teil keelduda k\u00f5igi v\u00f5i osade k\u00fcpsiste paigaldamisest. Kui te kasutate siiski oma brauseri seadeid k\u00f5igi k\u00fcpsiste (sealhulgas tehniliselt vajalike ja funktsionaalsete k\u00fcpsiste) blokeerimiseks, ei pruugi teil olla v\u00f5imalik saada tervikuna v\u00f5i osaliselt ligip\u00e4\u00e4su meie veebisaidile v\u00f5i selle funktsioonidele.Et k\u00fcpsistest ja sellest, kuidas neid hallata v\u00f5i kustutada, rohkem teada saada, k\u00fclasta aadresse&nbsp;<a href=\"http:\/\/www.allaboutcookies.org\/\" target=\"_blank\" rel=\"noreferrer noopener\">www.allaboutcookies.org<\/a>,&nbsp;<a href=\"http:\/\/www.youronlinechoices.com\/\" target=\"_blank\" rel=\"noreferrer noopener\">www.youronlinechoices.com<\/a>&nbsp;ja oma veebilehitseja \u201cAbi\u201d rubriiki.<strong><br>3. MUUDATUSED K\u00dcPSISTE POLIITIKAS<br><\/strong><br>J\u00e4tame endale \u00f5iguse k\u00e4esolevat k\u00fcpsiste poliitikat igal ajal muuta. Muudetud k\u00fcpsiste poliitika avaldatakse meie veebisaidil ning vajaduse korral teavitame muudatustest ka veebisaidil esilet\u00f5stetud teavituse kaudu.<\/p>\n","protected":false},"excerpt":{"rendered":"<p>1. MIS ON K\u00dcPSISED?K\u00fcpsis on v\u00e4ike tekstifail, mis salvestatakse teie arvutisse v\u00f5i seadmesse, kui te k\u00fclastate m\u00f5nda veebisaiti. See v\u00f5imaldab&hellip; <a class=\"read-more\" href=\"https:\/\/www.hultberg.ee\/fi\/kasutustingimused\/\">Read More<\/a><\/p>\n","protected":false},"author":1,"featured_media":0,"parent":0,"menu_order":0,"comment_status":"closed","ping_status":"closed","template":"","meta":{"_acf_changed":false,"_exactmetrics_skip_tracking":false,"_exactmetrics_sitenote_active":false,"_exactmetrics_sitenote_note":"","_exactmetrics_sitenote_category":0,"footnotes":""},"class_list":["post-1572","page","type-page","status-publish","hentry"],"acf":[],"yoast_head":"<!-- This site is optimized with the Yoast SEO plugin v27.4 - https:\/\/yoast.com\/product\/yoast-seo-wordpress\/ -->\n<title>Kasutustingimused - Hultberg<\/title>\n<meta name=\"description\" content=\"1. MIS ON K\u00dcPSISED?K\u00fcpsis on v\u00e4ike tekstifail, mis salvestatakse teie arvutisse v\u00f5i seadmesse, kui te k\u00fclastate m\u00f5nda veebisaiti. See v\u00f5imaldab m\u00e4letada\" \/>\n<meta name=\"robots\" content=\"index, follow, max-snippet:-1, max-image-preview:large, max-video-preview:-1\" \/>\n<link rel=\"canonical\" href=\"https:\/\/www.hultberg.ee\/fi\/kasutustingimused\/\" \/>\n<meta property=\"og:locale\" content=\"fi_FI\" \/>\n<meta property=\"og:type\" content=\"article\" \/>\n<meta property=\"og:title\" content=\"Kasutustingimused - Hultberg\" \/>\n<meta property=\"og:description\" content=\"1. MIS ON K\u00dcPSISED?K\u00fcpsis on v\u00e4ike tekstifail, mis salvestatakse teie arvutisse v\u00f5i seadmesse, kui te k\u00fclastate m\u00f5nda veebisaiti. See v\u00f5imaldab m\u00e4letada\" \/>\n<meta property=\"og:url\" content=\"https:\/\/www.hultberg.ee\/fi\/kasutustingimused\/\" \/>\n<meta property=\"og:site_name\" content=\"Hultberg\" \/>\n<meta property=\"article:publisher\" content=\"https:\/\/www.facebook.com\/pages\/Hultberg-O\/100656560281998\" \/>\n<meta property=\"article:modified_time\" content=\"2018-12-11T14:53:56+00:00\" \/>\n<meta name=\"twitter:card\" content=\"summary_large_image\" \/>\n<meta name=\"twitter:label1\" content=\"Arvioitu lukuaika\" \/>\n\t<meta name=\"twitter:data1\" content=\"2 minuuttia\" \/>\n<script type=\"application\/ld+json\" class=\"yoast-schema-graph\">{\"@context\":\"https:\\\/\\\/schema.org\",\"@graph\":[{\"@type\":\"WebPage\",\"@id\":\"https:\\\/\\\/www.hultberg.ee\\\/fi\\\/kasutustingimused\\\/\",\"url\":\"https:\\\/\\\/www.hultberg.ee\\\/fi\\\/kasutustingimused\\\/\",\"name\":\"Kasutustingimused - Hultberg\",\"isPartOf\":{\"@id\":\"https:\\\/\\\/www.hultberg.ee\\\/fi\\\/#website\"},\"datePublished\":\"2018-12-11T14:53:55+00:00\",\"dateModified\":\"2018-12-11T14:53:56+00:00\",\"description\":\"1. MIS ON K\u00dcPSISED?K\u00fcpsis on v\u00e4ike tekstifail, mis salvestatakse teie arvutisse v\u00f5i seadmesse, kui te k\u00fclastate m\u00f5nda veebisaiti. See v\u00f5imaldab m\u00e4letada\",\"breadcrumb\":{\"@id\":\"https:\\\/\\\/www.hultberg.ee\\\/fi\\\/kasutustingimused\\\/#breadcrumb\"},\"inLanguage\":\"fi\",\"potentialAction\":[{\"@type\":\"ReadAction\",\"target\":[[\"https:\\\/\\\/www.hultberg.ee\\\/fi\\\/kasutustingimused\\\/\"]]}]},{\"@type\":\"BreadcrumbList\",\"@id\":\"https:\\\/\\\/www.hultberg.ee\\\/fi\\\/kasutustingimused\\\/#breadcrumb\",\"itemListElement\":[{\"@type\":\"ListItem\",\"position\":1,\"name\":\"Home\",\"item\":\"https:\\\/\\\/www.hultberg.ee\\\/fi\\\/\"},{\"@type\":\"ListItem\",\"position\":2,\"name\":\"Kasutustingimused\"}]},{\"@type\":\"WebSite\",\"@id\":\"https:\\\/\\\/www.hultberg.ee\\\/fi\\\/#website\",\"url\":\"https:\\\/\\\/www.hultberg.ee\\\/fi\\\/\",\"name\":\"Hultberg\",\"description\":\"\",\"publisher\":{\"@id\":\"https:\\\/\\\/www.hultberg.ee\\\/fi\\\/#organization\"},\"potentialAction\":[{\"@type\":\"SearchAction\",\"target\":{\"@type\":\"EntryPoint\",\"urlTemplate\":\"https:\\\/\\\/www.hultberg.ee\\\/fi\\\/?s={search_term_string}\"},\"query-input\":{\"@type\":\"PropertyValueSpecification\",\"valueRequired\":true,\"valueName\":\"search_term_string\"}}],\"inLanguage\":\"fi\"},{\"@type\":\"Organization\",\"@id\":\"https:\\\/\\\/www.hultberg.ee\\\/fi\\\/#organization\",\"name\":\"Hultberg\",\"url\":\"https:\\\/\\\/www.hultberg.ee\\\/fi\\\/\",\"logo\":{\"@type\":\"ImageObject\",\"inLanguage\":\"fi\",\"@id\":\"https:\\\/\\\/www.hultberg.ee\\\/fi\\\/#\\\/schema\\\/logo\\\/image\\\/\",\"url\":\"https:\\\/\\\/www.hultberg.ee\\\/wp-content\\\/uploads\\\/2015\\\/07\\\/HULTBERG_logo_SMALL.png\",\"contentUrl\":\"https:\\\/\\\/www.hultberg.ee\\\/wp-content\\\/uploads\\\/2015\\\/07\\\/HULTBERG_logo_SMALL.png\",\"width\":836,\"height\":1003,\"caption\":\"Hultberg\"},\"image\":{\"@id\":\"https:\\\/\\\/www.hultberg.ee\\\/fi\\\/#\\\/schema\\\/logo\\\/image\\\/\"},\"sameAs\":[\"https:\\\/\\\/www.facebook.com\\\/pages\\\/Hultberg-O\\\/100656560281998\"]}]}<\/script>\n<!-- \/ Yoast SEO plugin. -->","yoast_head_json":{"title":"Kasutustingimused - Hultberg","description":"1. MIS ON K\u00dcPSISED?K\u00fcpsis on v\u00e4ike tekstifail, mis salvestatakse teie arvutisse v\u00f5i seadmesse, kui te k\u00fclastate m\u00f5nda veebisaiti. See v\u00f5imaldab m\u00e4letada","robots":{"index":"index","follow":"follow","max-snippet":"max-snippet:-1","max-image-preview":"max-image-preview:large","max-video-preview":"max-video-preview:-1"},"canonical":"https:\/\/www.hultberg.ee\/fi\/kasutustingimused\/","og_locale":"fi_FI","og_type":"article","og_title":"Kasutustingimused - Hultberg","og_description":"1. MIS ON K\u00dcPSISED?K\u00fcpsis on v\u00e4ike tekstifail, mis salvestatakse teie arvutisse v\u00f5i seadmesse, kui te k\u00fclastate m\u00f5nda veebisaiti. See v\u00f5imaldab m\u00e4letada","og_url":"https:\/\/www.hultberg.ee\/fi\/kasutustingimused\/","og_site_name":"Hultberg","article_publisher":"https:\/\/www.facebook.com\/pages\/Hultberg-O\/100656560281998","article_modified_time":"2018-12-11T14:53:56+00:00","twitter_card":"summary_large_image","twitter_misc":{"Arvioitu lukuaika":"2 minuuttia"},"schema":{"@context":"https:\/\/schema.org","@graph":[{"@type":"WebPage","@id":"https:\/\/www.hultberg.ee\/fi\/kasutustingimused\/","url":"https:\/\/www.hultberg.ee\/fi\/kasutustingimused\/","name":"Kasutustingimused - Hultberg","isPartOf":{"@id":"https:\/\/www.hultberg.ee\/fi\/#website"},"datePublished":"2018-12-11T14:53:55+00:00","dateModified":"2018-12-11T14:53:56+00:00","description":"1. MIS ON K\u00dcPSISED?K\u00fcpsis on v\u00e4ike tekstifail, mis salvestatakse teie arvutisse v\u00f5i seadmesse, kui te k\u00fclastate m\u00f5nda veebisaiti. See v\u00f5imaldab m\u00e4letada","breadcrumb":{"@id":"https:\/\/www.hultberg.ee\/fi\/kasutustingimused\/#breadcrumb"},"inLanguage":"fi","potentialAction":[{"@type":"ReadAction","target":[["https:\/\/www.hultberg.ee\/fi\/kasutustingimused\/"]]}]},{"@type":"BreadcrumbList","@id":"https:\/\/www.hultberg.ee\/fi\/kasutustingimused\/#breadcrumb","itemListElement":[{"@type":"ListItem","position":1,"name":"Home","item":"https:\/\/www.hultberg.ee\/fi\/"},{"@type":"ListItem","position":2,"name":"Kasutustingimused"}]},{"@type":"WebSite","@id":"https:\/\/www.hultberg.ee\/fi\/#website","url":"https:\/\/www.hultberg.ee\/fi\/","name":"Hultberg","description":"","publisher":{"@id":"https:\/\/www.hultberg.ee\/fi\/#organization"},"potentialAction":[{"@type":"SearchAction","target":{"@type":"EntryPoint","urlTemplate":"https:\/\/www.hultberg.ee\/fi\/?s={search_term_string}"},"query-input":{"@type":"PropertyValueSpecification","valueRequired":true,"valueName":"search_term_string"}}],"inLanguage":"fi"},{"@type":"Organization","@id":"https:\/\/www.hultberg.ee\/fi\/#organization","name":"Hultberg","url":"https:\/\/www.hultberg.ee\/fi\/","logo":{"@type":"ImageObject","inLanguage":"fi","@id":"https:\/\/www.hultberg.ee\/fi\/#\/schema\/logo\/image\/","url":"https:\/\/www.hultberg.ee\/wp-content\/uploads\/2015\/07\/HULTBERG_logo_SMALL.png","contentUrl":"https:\/\/www.hultberg.ee\/wp-content\/uploads\/2015\/07\/HULTBERG_logo_SMALL.png","width":836,"height":1003,"caption":"Hultberg"},"image":{"@id":"https:\/\/www.hultberg.ee\/fi\/#\/schema\/logo\/image\/"},"sameAs":["https:\/\/www.facebook.com\/pages\/Hultberg-O\/100656560281998"]}]}},"_links":{"self":[{"href":"https:\/\/www.hultberg.ee\/fi\/wp-json\/wp\/v2\/pages\/1572","targetHints":{"allow":["GET"]}}],"collection":[{"href":"https:\/\/www.hultberg.ee\/fi\/wp-json\/wp\/v2\/pages"}],"about":[{"href":"https:\/\/www.hultberg.ee\/fi\/wp-json\/wp\/v2\/types\/page"}],"author":[{"embeddable":true,"href":"https:\/\/www.hultberg.ee\/fi\/wp-json\/wp\/v2\/users\/1"}],"replies":[{"embeddable":true,"href":"https:\/\/www.hultberg.ee\/fi\/wp-json\/wp\/v2\/comments?post=1572"}],"version-history":[{"count":1,"href":"https:\/\/www.hultberg.ee\/fi\/wp-json\/wp\/v2\/pages\/1572\/revisions"}],"predecessor-version":[{"id":1573,"href":"https:\/\/www.hultberg.ee\/fi\/wp-json\/wp\/v2\/pages\/1572\/revisions\/1573"}],"wp:attachment":[{"href":"https:\/\/www.hultberg.ee\/fi\/wp-json\/wp\/v2\/media?parent=1572"}],"curies":[{"name":"wp","href":"https:\/\/api.w.org\/{rel}","templated":true}]}}