{"id":17,"date":"2015-05-25T17:30:31","date_gmt":"2015-05-25T17:30:31","guid":{"rendered":"http:\/\/localhost\/hultberg\/?page_id=17"},"modified":"2025-11-18T13:05:48","modified_gmt":"2025-11-18T13:05:48","slug":"kontakt","status":"publish","type":"page","link":"https:\/\/www.hultberg.ee\/fi\/kontakt\/","title":{"rendered":"Yhteystiedot"},"content":{"rendered":"<p><strong><span style=\"font-size: 18px;\">Hultberg O\u00dc<\/span><\/strong><br \/>\nTeemme rakennust\u00f6it\u00e4 <strong>Virossa ja Suomessa.<\/strong><\/p>\n<p>Vahtra 10, Tabasalu alevik, Harjumaa, 76901.<\/p>\n<p>Puhelin: +372 5664 1900<\/p>\n<p>S\u00e4hk\u00f6posti: jussi@hultberg.ee<\/p>\n<p>EST: Rek.nro:\u00a0<a href=\"https:\/\/ariregister.rik.ee\/lihtparing.py\" target=\"_blank\" rel=\"noopener\">11239626<\/a><\/p>\n<p>FIN: Y-tunnus:\u00a0<a href=\"https:\/\/www.ytj.fi\/yrityshaku.aspx?path=1547;1631;1678&amp;kielikoodi=1\">2679898-9<\/a><\/p>","protected":false},"excerpt":{"rendered":"<p>Hultberg O\u00dc Teemme rakennust\u00f6it\u00e4 Virossa ja Suomessa. Vahtra 10, Tabasalu alevik, Harjumaa, 76901. Puhelin: +372 5664 1900 S\u00e4hk\u00f6posti: jussi@hultberg.ee EST:&hellip; <a class=\"read-more\" href=\"https:\/\/www.hultberg.ee\/fi\/kontakt\/\">Read More<\/a><\/p>\n","protected":false},"author":1,"featured_media":0,"parent":0,"menu_order":0,"comment_status":"open","ping_status":"open","template":"","meta":{"_acf_changed":false,"_exactmetrics_skip_tracking":false,"_exactmetrics_sitenote_active":false,"_exactmetrics_sitenote_note":"","_exactmetrics_sitenote_category":0,"footnotes":""},"class_list":["post-17","page","type-page","status-publish","hentry"],"acf":[],"yoast_head":"<!-- This site is optimized with the Yoast SEO plugin v27.4 - https:\/\/yoast.com\/product\/yoast-seo-wordpress\/ -->\n<title>Kontakt \u2013 v\u00f5ta \u00fchendust | Hultberg Ehitus<\/title>\n<meta name=\"description\" content=\"V\u00f5ta \u00fchendust Hultberg Ehitusega: \u00fcldtelefon +372 5664 1900, e-post jussi@hultberg.ee. Teostame ehitust\u00f6id Eestis ja Soomes. K\u00fcsi pakkumist v\u00f5i n\u00f5u meie meeskonnalt.\" \/>\n<meta name=\"robots\" content=\"index, follow, max-snippet:-1, max-image-preview:large, max-video-preview:-1\" \/>\n<link rel=\"canonical\" href=\"https:\/\/www.hultberg.ee\/fi\/kontakt\/\" \/>\n<meta property=\"og:locale\" content=\"fi_FI\" \/>\n<meta property=\"og:type\" content=\"article\" \/>\n<meta property=\"og:title\" content=\"Kontakt \u2013 v\u00f5ta \u00fchendust | Hultberg Ehitus\" \/>\n<meta property=\"og:description\" content=\"V\u00f5ta \u00fchendust Hultberg Ehitusega: \u00fcldtelefon +372 5664 1900, e-post jussi@hultberg.ee. Teostame ehitust\u00f6id Eestis ja Soomes. K\u00fcsi pakkumist v\u00f5i n\u00f5u meie meeskonnalt.\" \/>\n<meta property=\"og:url\" content=\"https:\/\/www.hultberg.ee\/fi\/kontakt\/\" \/>\n<meta property=\"og:site_name\" content=\"Hultberg\" \/>\n<meta property=\"article:publisher\" content=\"https:\/\/www.facebook.com\/pages\/Hultberg-O\/100656560281998\" \/>\n<meta property=\"article:modified_time\" content=\"2025-11-18T13:05:48+00:00\" \/>\n<meta name=\"twitter:card\" content=\"summary_large_image\" \/>\n<meta name=\"twitter:label1\" content=\"Arvioitu lukuaika\" \/>\n\t<meta name=\"twitter:data1\" content=\"1 minuutti\" \/>\n<script type=\"application\/ld+json\" class=\"yoast-schema-graph\">{\"@context\":\"https:\\\/\\\/schema.org\",\"@graph\":[{\"@type\":\"WebPage\",\"@id\":\"https:\\\/\\\/www.hultberg.ee\\\/fi\\\/kontakt\\\/\",\"url\":\"https:\\\/\\\/www.hultberg.ee\\\/fi\\\/kontakt\\\/\",\"name\":\"Kontakt \u2013 v\u00f5ta \u00fchendust | Hultberg Ehitus\",\"isPartOf\":{\"@id\":\"https:\\\/\\\/www.hultberg.ee\\\/fi\\\/#website\"},\"datePublished\":\"2015-05-25T17:30:31+00:00\",\"dateModified\":\"2025-11-18T13:05:48+00:00\",\"description\":\"V\u00f5ta \u00fchendust Hultberg Ehitusega: \u00fcldtelefon +372 5664 1900, e-post jussi@hultberg.ee. Teostame ehitust\u00f6id Eestis ja Soomes. K\u00fcsi pakkumist v\u00f5i n\u00f5u meie meeskonnalt.\",\"breadcrumb\":{\"@id\":\"https:\\\/\\\/www.hultberg.ee\\\/fi\\\/kontakt\\\/#breadcrumb\"},\"inLanguage\":\"fi\",\"potentialAction\":[{\"@type\":\"ReadAction\",\"target\":[[\"https:\\\/\\\/www.hultberg.ee\\\/fi\\\/kontakt\\\/\"]]}]},{\"@type\":\"BreadcrumbList\",\"@id\":\"https:\\\/\\\/www.hultberg.ee\\\/fi\\\/kontakt\\\/#breadcrumb\",\"itemListElement\":[{\"@type\":\"ListItem\",\"position\":1,\"name\":\"Home\",\"item\":\"https:\\\/\\\/www.hultberg.ee\\\/fi\\\/\"},{\"@type\":\"ListItem\",\"position\":2,\"name\":\"Kontakt\"}]},{\"@type\":\"WebSite\",\"@id\":\"https:\\\/\\\/www.hultberg.ee\\\/fi\\\/#website\",\"url\":\"https:\\\/\\\/www.hultberg.ee\\\/fi\\\/\",\"name\":\"Hultberg\",\"description\":\"\",\"publisher\":{\"@id\":\"https:\\\/\\\/www.hultberg.ee\\\/fi\\\/#organization\"},\"potentialAction\":[{\"@type\":\"SearchAction\",\"target\":{\"@type\":\"EntryPoint\",\"urlTemplate\":\"https:\\\/\\\/www.hultberg.ee\\\/fi\\\/?s={search_term_string}\"},\"query-input\":{\"@type\":\"PropertyValueSpecification\",\"valueRequired\":true,\"valueName\":\"search_term_string\"}}],\"inLanguage\":\"fi\"},{\"@type\":\"Organization\",\"@id\":\"https:\\\/\\\/www.hultberg.ee\\\/fi\\\/#organization\",\"name\":\"Hultberg\",\"url\":\"https:\\\/\\\/www.hultberg.ee\\\/fi\\\/\",\"logo\":{\"@type\":\"ImageObject\",\"inLanguage\":\"fi\",\"@id\":\"https:\\\/\\\/www.hultberg.ee\\\/fi\\\/#\\\/schema\\\/logo\\\/image\\\/\",\"url\":\"https:\\\/\\\/www.hultberg.ee\\\/wp-content\\\/uploads\\\/2015\\\/07\\\/HULTBERG_logo_SMALL.png\",\"contentUrl\":\"https:\\\/\\\/www.hultberg.ee\\\/wp-content\\\/uploads\\\/2015\\\/07\\\/HULTBERG_logo_SMALL.png\",\"width\":836,\"height\":1003,\"caption\":\"Hultberg\"},\"image\":{\"@id\":\"https:\\\/\\\/www.hultberg.ee\\\/fi\\\/#\\\/schema\\\/logo\\\/image\\\/\"},\"sameAs\":[\"https:\\\/\\\/www.facebook.com\\\/pages\\\/Hultberg-O\\\/100656560281998\"]}]}<\/script>\n<!-- \/ Yoast SEO plugin. -->","yoast_head_json":{"title":"Kontakt \u2013 v\u00f5ta \u00fchendust | Hultberg Ehitus","description":"V\u00f5ta \u00fchendust Hultberg Ehitusega: \u00fcldtelefon +372 5664 1900, e-post jussi@hultberg.ee. Teostame ehitust\u00f6id Eestis ja Soomes. K\u00fcsi pakkumist v\u00f5i n\u00f5u meie meeskonnalt.","robots":{"index":"index","follow":"follow","max-snippet":"max-snippet:-1","max-image-preview":"max-image-preview:large","max-video-preview":"max-video-preview:-1"},"canonical":"https:\/\/www.hultberg.ee\/fi\/kontakt\/","og_locale":"fi_FI","og_type":"article","og_title":"Kontakt \u2013 v\u00f5ta \u00fchendust | Hultberg Ehitus","og_description":"V\u00f5ta \u00fchendust Hultberg Ehitusega: \u00fcldtelefon +372 5664 1900, e-post jussi@hultberg.ee. Teostame ehitust\u00f6id Eestis ja Soomes. K\u00fcsi pakkumist v\u00f5i n\u00f5u meie meeskonnalt.","og_url":"https:\/\/www.hultberg.ee\/fi\/kontakt\/","og_site_name":"Hultberg","article_publisher":"https:\/\/www.facebook.com\/pages\/Hultberg-O\/100656560281998","article_modified_time":"2025-11-18T13:05:48+00:00","twitter_card":"summary_large_image","twitter_misc":{"Arvioitu lukuaika":"1 minuutti"},"schema":{"@context":"https:\/\/schema.org","@graph":[{"@type":"WebPage","@id":"https:\/\/www.hultberg.ee\/fi\/kontakt\/","url":"https:\/\/www.hultberg.ee\/fi\/kontakt\/","name":"Kontakt \u2013 v\u00f5ta \u00fchendust | Hultberg Ehitus","isPartOf":{"@id":"https:\/\/www.hultberg.ee\/fi\/#website"},"datePublished":"2015-05-25T17:30:31+00:00","dateModified":"2025-11-18T13:05:48+00:00","description":"V\u00f5ta \u00fchendust Hultberg Ehitusega: \u00fcldtelefon +372 5664 1900, e-post jussi@hultberg.ee. Teostame ehitust\u00f6id Eestis ja Soomes. K\u00fcsi pakkumist v\u00f5i n\u00f5u meie meeskonnalt.","breadcrumb":{"@id":"https:\/\/www.hultberg.ee\/fi\/kontakt\/#breadcrumb"},"inLanguage":"fi","potentialAction":[{"@type":"ReadAction","target":[["https:\/\/www.hultberg.ee\/fi\/kontakt\/"]]}]},{"@type":"BreadcrumbList","@id":"https:\/\/www.hultberg.ee\/fi\/kontakt\/#breadcrumb","itemListElement":[{"@type":"ListItem","position":1,"name":"Home","item":"https:\/\/www.hultberg.ee\/fi\/"},{"@type":"ListItem","position":2,"name":"Kontakt"}]},{"@type":"WebSite","@id":"https:\/\/www.hultberg.ee\/fi\/#website","url":"https:\/\/www.hultberg.ee\/fi\/","name":"Hultberg","description":"","publisher":{"@id":"https:\/\/www.hultberg.ee\/fi\/#organization"},"potentialAction":[{"@type":"SearchAction","target":{"@type":"EntryPoint","urlTemplate":"https:\/\/www.hultberg.ee\/fi\/?s={search_term_string}"},"query-input":{"@type":"PropertyValueSpecification","valueRequired":true,"valueName":"search_term_string"}}],"inLanguage":"fi"},{"@type":"Organization","@id":"https:\/\/www.hultberg.ee\/fi\/#organization","name":"Hultberg","url":"https:\/\/www.hultberg.ee\/fi\/","logo":{"@type":"ImageObject","inLanguage":"fi","@id":"https:\/\/www.hultberg.ee\/fi\/#\/schema\/logo\/image\/","url":"https:\/\/www.hultberg.ee\/wp-content\/uploads\/2015\/07\/HULTBERG_logo_SMALL.png","contentUrl":"https:\/\/www.hultberg.ee\/wp-content\/uploads\/2015\/07\/HULTBERG_logo_SMALL.png","width":836,"height":1003,"caption":"Hultberg"},"image":{"@id":"https:\/\/www.hultberg.ee\/fi\/#\/schema\/logo\/image\/"},"sameAs":["https:\/\/www.facebook.com\/pages\/Hultberg-O\/100656560281998"]}]}},"_links":{"self":[{"href":"https:\/\/www.hultberg.ee\/fi\/wp-json\/wp\/v2\/pages\/17","targetHints":{"allow":["GET"]}}],"collection":[{"href":"https:\/\/www.hultberg.ee\/fi\/wp-json\/wp\/v2\/pages"}],"about":[{"href":"https:\/\/www.hultberg.ee\/fi\/wp-json\/wp\/v2\/types\/page"}],"author":[{"embeddable":true,"href":"https:\/\/www.hultberg.ee\/fi\/wp-json\/wp\/v2\/users\/1"}],"replies":[{"embeddable":true,"href":"https:\/\/www.hultberg.ee\/fi\/wp-json\/wp\/v2\/comments?post=17"}],"version-history":[{"count":23,"href":"https:\/\/www.hultberg.ee\/fi\/wp-json\/wp\/v2\/pages\/17\/revisions"}],"predecessor-version":[{"id":1669,"href":"https:\/\/www.hultberg.ee\/fi\/wp-json\/wp\/v2\/pages\/17\/revisions\/1669"}],"wp:attachment":[{"href":"https:\/\/www.hultberg.ee\/fi\/wp-json\/wp\/v2\/media?parent=17"}],"curies":[{"name":"wp","href":"https:\/\/api.w.org\/{rel}","templated":true}]}}