{"id":23,"date":"2015-05-25T17:31:43","date_gmt":"2015-05-25T17:31:43","guid":{"rendered":"http:\/\/localhost\/hultberg\/?page_id=23"},"modified":"2025-11-18T13:05:16","modified_gmt":"2025-11-18T13:05:16","slug":"meist","status":"publish","type":"page","link":"https:\/\/www.hultberg.ee\/fi\/meist\/","title":{"rendered":"Meist\u00e4"},"content":{"rendered":"<p><\/p>\n<style>.stampimg{max-width:140px;margin:0 auto;}<\/style>\n<p>O\u00dc Hultberg on vuonna 2006 perustettu, 100 % virolaisella p\u00e4\u00e4omalla toimiva yksityisyritys.<\/p>\n<p>Yritys tekee rakennust\u00f6it\u00e4 sek\u00e4 Virossa ett\u00e4 Suomessa. Ty\u00f6ntekij\u00f6ill\u00e4mme on usean vuoden ty\u00f6kokemus rakennusalalla ja he tulevat toimeen my\u00f6s monimutkaisten rakennus- ja korjaust\u00f6iden kanssa.<\/p>\n<p>O\u00dc Hultberg on tehnyt alihankintat\u00f6it\u00e4 suuremmille rakennusfirmoille ja asuntoyhti\u00f6ille. Olemme my\u00f6s usean kiinteist\u00f6hallinnan parissa toimivan suuryrityksen luotettava kumppani. P\u00e4\u00e4toimialueitamme ovat Tallinna ja sen l\u00e4hiymp\u00e4rist\u00f6, P\u00e4rnu sek\u00e4 suurelta osin my\u00f6s Suomi. O\u00dc Hultberg haluaa aina l\u00f6yt\u00e4\u00e4 sopivan ratkaisun jokaiselle asiakkaalle parhaalla hinta-laatusuhteella. Kaikille t\u00f6ille annamme takuun Viron tasavallassa voimassa olevan lains\u00e4\u00e4d\u00e4nn\u00f6n mukaisesti ja pyrimme ratkaisemaan ongelmat, joita saattaa esiinty\u00e4 my\u00f6hemm\u00e4n k\u00e4yt\u00f6n yhteydess\u00e4 my\u00f6s takuuajan j\u00e4lkeen.<\/p>\n<div class=\"row\">\n<div class=\"col-sm-4\">\n<img decoding=\"async\" alt=\"Edukas ettev\u00f5te\" src=\"\/wp-content\/uploads\/2015\/06\/edukas2014.png\" class=\"stampimg\"><\/div>\n<div class=\"col-sm-4\">\n<img decoding=\"async\" alt=\"Edukas ettev\u00f5te\" src=\"\/wp-content\/uploads\/2015\/06\/EU-cert.png\" class=\"stampimg\"><\/div>\n<div class=\"col-sm-4\">\n<img decoding=\"async\" alt=\"Edukas ettev\u00f5te\" src=\"http:\/\/www.hultberg.ee\/wp-content\/uploads\/2018\/12\/stamp.png\" class=\"stampimg\"><\/div>\n<\/div>\n<p><\/p>","protected":false},"excerpt":{"rendered":"<p>O\u00dc Hultberg on vuonna 2006 perustettu, 100 % virolaisella p\u00e4\u00e4omalla toimiva yksityisyritys. Yritys tekee rakennust\u00f6it\u00e4 sek\u00e4 Virossa ett\u00e4 Suomessa. Ty\u00f6ntekij\u00f6ill\u00e4mme on usean vuoden ty\u00f6kokemus &hellip; <a class=\"read-more\" href=\"https:\/\/www.hultberg.ee\/fi\/meist\/\">Read More<\/a><\/p>\n","protected":false},"author":1,"featured_media":0,"parent":0,"menu_order":0,"comment_status":"open","ping_status":"open","template":"","meta":{"_acf_changed":false,"_exactmetrics_skip_tracking":false,"_exactmetrics_sitenote_active":false,"_exactmetrics_sitenote_note":"","_exactmetrics_sitenote_category":0,"footnotes":""},"class_list":["post-23","page","type-page","status-publish","hentry"],"acf":[],"yoast_head":"<!-- This site is optimized with the Yoast SEO plugin v27.3 - https:\/\/yoast.com\/product\/yoast-seo-wordpress\/ -->\n<title>Meist \u2013 ehitusettev\u00f5te aastast 2006 | Hultberg Ehitus<\/title>\n<meta name=\"description\" content=\"Hultberg Ehitus on 2006. aastast tegutsev Eesti ehitusettev\u00f5te, mille meeskonnal on laialdane kogemus Eestis ja Soomes. Pakume kvaliteetseid ehitus- ja remontt\u00f6id koos garantiiga.\" \/>\n<meta name=\"robots\" content=\"index, follow, max-snippet:-1, max-image-preview:large, max-video-preview:-1\" \/>\n<link rel=\"canonical\" href=\"https:\/\/www.hultberg.ee\/fi\/meist\/\" \/>\n<meta property=\"og:locale\" content=\"fi_FI\" \/>\n<meta property=\"og:type\" content=\"article\" \/>\n<meta property=\"og:title\" content=\"Meist \u2013 ehitusettev\u00f5te aastast 2006 | Hultberg Ehitus\" \/>\n<meta property=\"og:description\" content=\"Hultberg Ehitus on 2006. aastast tegutsev Eesti ehitusettev\u00f5te, mille meeskonnal on laialdane kogemus Eestis ja Soomes. Pakume kvaliteetseid ehitus- ja remontt\u00f6id koos garantiiga.\" \/>\n<meta property=\"og:url\" content=\"https:\/\/www.hultberg.ee\/fi\/meist\/\" \/>\n<meta property=\"og:site_name\" content=\"Hultberg\" \/>\n<meta property=\"article:publisher\" content=\"https:\/\/www.facebook.com\/pages\/Hultberg-O\/100656560281998\" \/>\n<meta property=\"article:modified_time\" content=\"2025-11-18T13:05:16+00:00\" \/>\n<meta property=\"og:image\" content=\"http:\/\/www.hultberg.ee\/wp-content\/uploads\/2018\/12\/stamp.png\" \/>\n<meta name=\"twitter:card\" content=\"summary_large_image\" \/>\n<meta name=\"twitter:label1\" content=\"Arvioitu lukuaika\" \/>\n\t<meta name=\"twitter:data1\" content=\"2 minuuttia\" \/>\n<script type=\"application\/ld+json\" class=\"yoast-schema-graph\">{\"@context\":\"https:\\\/\\\/schema.org\",\"@graph\":[{\"@type\":\"WebPage\",\"@id\":\"https:\\\/\\\/www.hultberg.ee\\\/fi\\\/meist\\\/\",\"url\":\"https:\\\/\\\/www.hultberg.ee\\\/fi\\\/meist\\\/\",\"name\":\"Meist \u2013 ehitusettev\u00f5te aastast 2006 | Hultberg Ehitus\",\"isPartOf\":{\"@id\":\"https:\\\/\\\/www.hultberg.ee\\\/fi\\\/#website\"},\"primaryImageOfPage\":{\"@id\":\"https:\\\/\\\/www.hultberg.ee\\\/fi\\\/meist\\\/#primaryimage\"},\"image\":{\"@id\":\"https:\\\/\\\/www.hultberg.ee\\\/meist\\\/#primaryimage\"},\"thumbnailUrl\":\"http:\\\/\\\/www.hultberg.ee\\\/wp-content\\\/uploads\\\/2018\\\/12\\\/stamp.png\",\"datePublished\":\"2015-05-25T17:31:43+00:00\",\"dateModified\":\"2025-11-18T13:05:16+00:00\",\"description\":\"Hultberg Ehitus on 2006. aastast tegutsev Eesti ehitusettev\u00f5te, mille meeskonnal on laialdane kogemus Eestis ja Soomes. Pakume kvaliteetseid ehitus- ja remontt\u00f6id koos garantiiga.\",\"breadcrumb\":{\"@id\":\"https:\\\/\\\/www.hultberg.ee\\\/fi\\\/meist\\\/#breadcrumb\"},\"inLanguage\":\"fi\",\"potentialAction\":[{\"@type\":\"ReadAction\",\"target\":[[\"https:\\\/\\\/www.hultberg.ee\\\/fi\\\/meist\\\/\"]]}]},{\"@type\":\"ImageObject\",\"inLanguage\":\"fi\",\"@id\":\"https:\\\/\\\/www.hultberg.ee\\\/fi\\\/meist\\\/#primaryimage\",\"url\":\"http:\\\/\\\/www.hultberg.ee\\\/wp-content\\\/uploads\\\/2018\\\/12\\\/stamp.png\",\"contentUrl\":\"http:\\\/\\\/www.hultberg.ee\\\/wp-content\\\/uploads\\\/2018\\\/12\\\/stamp.png\"},{\"@type\":\"BreadcrumbList\",\"@id\":\"https:\\\/\\\/www.hultberg.ee\\\/fi\\\/meist\\\/#breadcrumb\",\"itemListElement\":[{\"@type\":\"ListItem\",\"position\":1,\"name\":\"Home\",\"item\":\"https:\\\/\\\/www.hultberg.ee\\\/fi\\\/\"},{\"@type\":\"ListItem\",\"position\":2,\"name\":\"Meist\"}]},{\"@type\":\"WebSite\",\"@id\":\"https:\\\/\\\/www.hultberg.ee\\\/fi\\\/#website\",\"url\":\"https:\\\/\\\/www.hultberg.ee\\\/fi\\\/\",\"name\":\"Hultberg\",\"description\":\"\",\"publisher\":{\"@id\":\"https:\\\/\\\/www.hultberg.ee\\\/fi\\\/#organization\"},\"potentialAction\":[{\"@type\":\"SearchAction\",\"target\":{\"@type\":\"EntryPoint\",\"urlTemplate\":\"https:\\\/\\\/www.hultberg.ee\\\/fi\\\/?s={search_term_string}\"},\"query-input\":{\"@type\":\"PropertyValueSpecification\",\"valueRequired\":true,\"valueName\":\"search_term_string\"}}],\"inLanguage\":\"fi\"},{\"@type\":\"Organization\",\"@id\":\"https:\\\/\\\/www.hultberg.ee\\\/fi\\\/#organization\",\"name\":\"Hultberg\",\"url\":\"https:\\\/\\\/www.hultberg.ee\\\/fi\\\/\",\"logo\":{\"@type\":\"ImageObject\",\"inLanguage\":\"fi\",\"@id\":\"https:\\\/\\\/www.hultberg.ee\\\/fi\\\/#\\\/schema\\\/logo\\\/image\\\/\",\"url\":\"https:\\\/\\\/www.hultberg.ee\\\/wp-content\\\/uploads\\\/2015\\\/07\\\/HULTBERG_logo_SMALL.png\",\"contentUrl\":\"https:\\\/\\\/www.hultberg.ee\\\/wp-content\\\/uploads\\\/2015\\\/07\\\/HULTBERG_logo_SMALL.png\",\"width\":836,\"height\":1003,\"caption\":\"Hultberg\"},\"image\":{\"@id\":\"https:\\\/\\\/www.hultberg.ee\\\/fi\\\/#\\\/schema\\\/logo\\\/image\\\/\"},\"sameAs\":[\"https:\\\/\\\/www.facebook.com\\\/pages\\\/Hultberg-O\\\/100656560281998\"]}]}<\/script>\n<!-- \/ Yoast SEO plugin. -->","yoast_head_json":{"title":"Meist \u2013 ehitusettev\u00f5te aastast 2006 | Hultberg Ehitus","description":"Hultberg Ehitus on 2006. aastast tegutsev Eesti ehitusettev\u00f5te, mille meeskonnal on laialdane kogemus Eestis ja Soomes. Pakume kvaliteetseid ehitus- ja remontt\u00f6id koos garantiiga.","robots":{"index":"index","follow":"follow","max-snippet":"max-snippet:-1","max-image-preview":"max-image-preview:large","max-video-preview":"max-video-preview:-1"},"canonical":"https:\/\/www.hultberg.ee\/fi\/meist\/","og_locale":"fi_FI","og_type":"article","og_title":"Meist \u2013 ehitusettev\u00f5te aastast 2006 | Hultberg Ehitus","og_description":"Hultberg Ehitus on 2006. aastast tegutsev Eesti ehitusettev\u00f5te, mille meeskonnal on laialdane kogemus Eestis ja Soomes. Pakume kvaliteetseid ehitus- ja remontt\u00f6id koos garantiiga.","og_url":"https:\/\/www.hultberg.ee\/fi\/meist\/","og_site_name":"Hultberg","article_publisher":"https:\/\/www.facebook.com\/pages\/Hultberg-O\/100656560281998","article_modified_time":"2025-11-18T13:05:16+00:00","og_image":[{"url":"http:\/\/www.hultberg.ee\/wp-content\/uploads\/2018\/12\/stamp.png","type":"","width":"","height":""}],"twitter_card":"summary_large_image","twitter_misc":{"Arvioitu lukuaika":"2 minuuttia"},"schema":{"@context":"https:\/\/schema.org","@graph":[{"@type":"WebPage","@id":"https:\/\/www.hultberg.ee\/fi\/meist\/","url":"https:\/\/www.hultberg.ee\/fi\/meist\/","name":"Meist \u2013 ehitusettev\u00f5te aastast 2006 | Hultberg Ehitus","isPartOf":{"@id":"https:\/\/www.hultberg.ee\/fi\/#website"},"primaryImageOfPage":{"@id":"https:\/\/www.hultberg.ee\/fi\/meist\/#primaryimage"},"image":{"@id":"https:\/\/www.hultberg.ee\/meist\/#primaryimage"},"thumbnailUrl":"http:\/\/www.hultberg.ee\/wp-content\/uploads\/2018\/12\/stamp.png","datePublished":"2015-05-25T17:31:43+00:00","dateModified":"2025-11-18T13:05:16+00:00","description":"Hultberg Ehitus on 2006. aastast tegutsev Eesti ehitusettev\u00f5te, mille meeskonnal on laialdane kogemus Eestis ja Soomes. Pakume kvaliteetseid ehitus- ja remontt\u00f6id koos garantiiga.","breadcrumb":{"@id":"https:\/\/www.hultberg.ee\/fi\/meist\/#breadcrumb"},"inLanguage":"fi","potentialAction":[{"@type":"ReadAction","target":[["https:\/\/www.hultberg.ee\/fi\/meist\/"]]}]},{"@type":"ImageObject","inLanguage":"fi","@id":"https:\/\/www.hultberg.ee\/fi\/meist\/#primaryimage","url":"http:\/\/www.hultberg.ee\/wp-content\/uploads\/2018\/12\/stamp.png","contentUrl":"http:\/\/www.hultberg.ee\/wp-content\/uploads\/2018\/12\/stamp.png"},{"@type":"BreadcrumbList","@id":"https:\/\/www.hultberg.ee\/fi\/meist\/#breadcrumb","itemListElement":[{"@type":"ListItem","position":1,"name":"Home","item":"https:\/\/www.hultberg.ee\/fi\/"},{"@type":"ListItem","position":2,"name":"Meist"}]},{"@type":"WebSite","@id":"https:\/\/www.hultberg.ee\/fi\/#website","url":"https:\/\/www.hultberg.ee\/fi\/","name":"Hultberg","description":"","publisher":{"@id":"https:\/\/www.hultberg.ee\/fi\/#organization"},"potentialAction":[{"@type":"SearchAction","target":{"@type":"EntryPoint","urlTemplate":"https:\/\/www.hultberg.ee\/fi\/?s={search_term_string}"},"query-input":{"@type":"PropertyValueSpecification","valueRequired":true,"valueName":"search_term_string"}}],"inLanguage":"fi"},{"@type":"Organization","@id":"https:\/\/www.hultberg.ee\/fi\/#organization","name":"Hultberg","url":"https:\/\/www.hultberg.ee\/fi\/","logo":{"@type":"ImageObject","inLanguage":"fi","@id":"https:\/\/www.hultberg.ee\/fi\/#\/schema\/logo\/image\/","url":"https:\/\/www.hultberg.ee\/wp-content\/uploads\/2015\/07\/HULTBERG_logo_SMALL.png","contentUrl":"https:\/\/www.hultberg.ee\/wp-content\/uploads\/2015\/07\/HULTBERG_logo_SMALL.png","width":836,"height":1003,"caption":"Hultberg"},"image":{"@id":"https:\/\/www.hultberg.ee\/fi\/#\/schema\/logo\/image\/"},"sameAs":["https:\/\/www.facebook.com\/pages\/Hultberg-O\/100656560281998"]}]}},"_links":{"self":[{"href":"https:\/\/www.hultberg.ee\/fi\/wp-json\/wp\/v2\/pages\/23","targetHints":{"allow":["GET"]}}],"collection":[{"href":"https:\/\/www.hultberg.ee\/fi\/wp-json\/wp\/v2\/pages"}],"about":[{"href":"https:\/\/www.hultberg.ee\/fi\/wp-json\/wp\/v2\/types\/page"}],"author":[{"embeddable":true,"href":"https:\/\/www.hultberg.ee\/fi\/wp-json\/wp\/v2\/users\/1"}],"replies":[{"embeddable":true,"href":"https:\/\/www.hultberg.ee\/fi\/wp-json\/wp\/v2\/comments?post=23"}],"version-history":[{"count":51,"href":"https:\/\/www.hultberg.ee\/fi\/wp-json\/wp\/v2\/pages\/23\/revisions"}],"predecessor-version":[{"id":1766,"href":"https:\/\/www.hultberg.ee\/fi\/wp-json\/wp\/v2\/pages\/23\/revisions\/1766"}],"wp:attachment":[{"href":"https:\/\/www.hultberg.ee\/fi\/wp-json\/wp\/v2\/media?parent=23"}],"curies":[{"name":"wp","href":"https:\/\/api.w.org\/{rel}","templated":true}]}}